{"id":2470,"date":"2024-05-27T15:05:26","date_gmt":"2024-05-27T15:05:26","guid":{"rendered":"https:\/\/harmondo.eu\/?page_id=2470"},"modified":"2024-05-27T15:06:09","modified_gmt":"2024-05-27T15:06:09","slug":"unterstuetzen-2","status":"publish","type":"page","link":"https:\/\/harmondo.eu\/fr\/unterstuetzen-2\/","title":{"rendered":"Soutenez-nous"},"content":{"rendered":"<div data-elementor-type=\"wp-page\" data-elementor-id=\"2470\" class=\"elementor elementor-2470\">\n\t\t\t\t\t\t<section class=\"elementor-section elementor-top-section elementor-element elementor-element-270b237 elementor-section-boxed elementor-section-height-default elementor-section-height-default\" data-id=\"270b237\" data-element_type=\"section\" data-e-type=\"section\">\n\t\t\t\t\t\t<div class=\"elementor-container elementor-column-gap-default\">\n\t\t\t\t\t<div class=\"elementor-column elementor-col-100 elementor-top-column elementor-element elementor-element-1e6c326\" data-id=\"1e6c326\" data-element_type=\"column\" data-e-type=\"column\">\n\t\t\t<div class=\"elementor-widget-wrap elementor-element-populated\">\n\t\t\t\t\t\t<div class=\"elementor-element elementor-element-148b310 elementor-widget elementor-widget-heading\" data-id=\"148b310\" data-element_type=\"widget\" data-e-type=\"widget\" data-widget_type=\"heading.default\">\n\t\t\t\t<div class=\"elementor-widget-container\">\n\t\t\t\t\t<h2 class=\"elementor-heading-title elementor-size-default\">Gib hier deine \u00dcberschrift ein<\/h2>\t\t\t\t<\/div>\n\t\t\t\t<\/div>\n\t\t\t\t\t<\/div>\n\t\t<\/div>\n\t\t\t\t\t<\/div>\n\t\t<\/section>\n\t\t\t\t<section class=\"elementor-section elementor-top-section elementor-element elementor-element-b68bc8c elementor-section-boxed elementor-section-height-default elementor-section-height-default\" data-id=\"b68bc8c\" data-element_type=\"section\" data-e-type=\"section\">\n\t\t\t\t\t\t<div class=\"elementor-container elementor-column-gap-default\">\n\t\t\t\t\t<div class=\"elementor-column elementor-col-100 elementor-top-column elementor-element elementor-element-8bc45c7\" data-id=\"8bc45c7\" data-element_type=\"column\" data-e-type=\"column\">\n\t\t\t<div class=\"elementor-widget-wrap elementor-element-populated\">\n\t\t\t\t\t\t<div class=\"elementor-element elementor-element-180da48 elementor-widget elementor-widget-text-editor\" data-id=\"180da48\" data-element_type=\"widget\" data-e-type=\"widget\" data-widget_type=\"text-editor.default\">\n\t\t\t\t<div class=\"elementor-widget-container\">\n\t\t\t\t\t\t\t\t\t<p>L\u00e0 o\u00f9 la haute culture s'\u00e9panouit, la soci\u00e9t\u00e9 s'\u00e9panouit.<\/p><p>Klassik inspiriert. Unser Ziel ist es, die B\u00fcrgerschaft f\u00fcr unser reiches kulturelles Erbe zu begeistern.<span class=\"Apple-converted-space\">\u00a0<\/span><\/p><p>Sous l'\u00e9gide de Harmondo, des artistes internationaux cr\u00e9ent des projets de th\u00e9\u00e2tre musical innovants.<\/p><p>Wir f\u00f6rdern ambitionierte B\u00fcrger und junge Talente in Tanz, Gesang und Darstellung, damit sie am Theater teilnehmen k\u00f6nnen.<span class=\"Apple-converted-space\">\u00a0<\/span><\/p><p>Au\u00dferdem schaffen wir R\u00e4ume f\u00fcr grenz\u00fcberschreitende Begegnungen.<\/p><p>Diesen Gewinn f\u00fcr die Region schaffen wir gemeinsam mit Ihnen als unserem unterst\u00fctzenden Partner<\/p><p>Devenir un soutien<\/p><p>Sie wollen unser Projekt unterst\u00fctzen. Sie wollen harmondo unterst\u00fctzen. Werden Sie teil von Harmondo und unterst\u00fctzen Sie unser Projekt, unterst\u00fctzen Sie Harmondo.<\/p><p>Chaque soutien compte. Votre don est d\u00e9ductible des imp\u00f4ts.<span class=\"Apple-converted-space\">\u00a0<\/span><\/p><p>Veuillez nous indiquer votre pr\u00e9nom, votre nom et votre adresse compl\u00e8te.<span class=\"Apple-converted-space\">\u00a0<\/span><\/p><p>Diese Kontaktdaten im Verwendungszweck der Bank\u00fcberweisung erm\u00f6glichen es uns,<span class=\"Apple-converted-space\">\u00a0<\/span><\/p><p>vous d\u00e9livrer un re\u00e7u de don.<span class=\"Apple-converted-space\">\u00a0<\/span><\/p><p>Gr\u00e2ce \u00e0 votre soutien, nous parvenons ensemble \u00e0 ce que la culture nous donne des ailes.<\/p><p>Il existe de nombreuses possibilit\u00e9s pour les entreprises et les fondations de soutenir harmondo :<span class=\"Apple-converted-space\">\u00a0<\/span><\/p><p>\u00c0 partir de 2.000 \u20ac, vous pouvez vous engager comme soutien ou m\u00e9c\u00e8ne pour harmondo.<span class=\"Apple-converted-space\">\u00a0<\/span><\/p><p>Vous concluez ainsi un partenariat au m\u00eame niveau et contribuez \u00e0 une<span class=\"Apple-converted-space\">\u00a0<\/span><\/p><p>initiative de th\u00e9\u00e2tre musical qui, depuis 20 ans, enrichit le monde de la musique avec des projets innovants<span class=\"Apple-converted-space\">\u00a0<\/span><\/p><p>et avant-gardistes et inspire les autres \u00e0 faire de m\u00eame.<\/p><p>Nous adaptons chaque engagement \u00e0 vos besoins individuels afin d'atteindre de mani\u00e8re optimale les objectifs de votre entreprise.<span class=\"Apple-converted-space\">\u00a0<\/span><\/p><p>Pour ce faire, Harmondo vous propose entre autres des conseils et un suivi individuels, des projets sur mesure,<span class=\"Apple-converted-space\">\u00a0<\/span><\/p><p>des services de marketing et de communication, des ateliers de musique et bien plus encore.<\/p><p>Sparkasse Offenburg\/Ortenau<\/p><p>Coordonn\u00e9es du compte<\/p><p>Titulaire : MOMO e.V.<\/p><p>IBAN DE36 6645 0050 0004 9875 43<\/p><p>BIC: SOLADES1OFG<\/p><p>Sujet : harmondo \/ \u00ab Nom \u00bb \/ \u00ab Adresse<\/p>\t\t\t\t\t\t\t\t<\/div>\n\t\t\t\t<\/div>\n\t\t\t\t\t<\/div>\n\t\t<\/div>\n\t\t\t\t\t<\/div>\n\t\t<\/section>\n\t\t\t\t<\/div>","protected":false},"excerpt":{"rendered":"<p>Gib hier deine \u00dcberschrift ein Wo Hochkultur bl\u00fcht, bl\u00fcht die Gesellschaft. Klassik inspiriert. Unser Ziel ist es, die B\u00fcrgerschaft f\u00fcr unser reiches kulturelles Erbe zu begeistern.\u00a0 Unter dem Dach von Harmondo kreieren internationale K\u00fcnstler innovative Musiktheaterprojekte. Wir f\u00f6rdern ambitionierte B\u00fcrger und junge Talente in Tanz, Gesang und Darstellung, damit sie [&hellip;]<\/p>","protected":false},"author":1,"featured_media":0,"parent":0,"menu_order":0,"comment_status":"closed","ping_status":"closed","template":"page-templates\/template-pagebuilder-full-width.php","meta":{"_bbp_topic_count":0,"_bbp_reply_count":0,"_bbp_total_topic_count":0,"_bbp_total_reply_count":0,"_bbp_voice_count":0,"_bbp_anonymous_reply_count":0,"_bbp_topic_count_hidden":0,"_bbp_reply_count_hidden":0,"_bbp_forum_subforum_count":0,"footnotes":""},"class_list":["post-2470","page","type-page","status-publish","hentry"],"yoast_head":"<!-- This site is optimized with the Yoast SEO plugin v27.4 - https:\/\/yoast.com\/product\/yoast-seo-wordpress\/ -->\n<title>Unterst\u00fctzen - harmondo<\/title>\n<meta name=\"robots\" content=\"index, follow, max-snippet:-1, max-image-preview:large, max-video-preview:-1\" \/>\n<link rel=\"canonical\" href=\"https:\/\/harmondo.eu\/fr\/unterstuetzen-2\/\" \/>\n<meta property=\"og:locale\" content=\"fr_FR\" \/>\n<meta property=\"og:type\" content=\"article\" \/>\n<meta property=\"og:title\" content=\"Unterst\u00fctzen - harmondo\" \/>\n<meta property=\"og:description\" content=\"Gib hier deine \u00dcberschrift ein Wo Hochkultur bl\u00fcht, bl\u00fcht die Gesellschaft. Klassik inspiriert. Unser Ziel ist es, die B\u00fcrgerschaft f\u00fcr unser reiches kulturelles Erbe zu begeistern.\u00a0 Unter dem Dach von Harmondo kreieren internationale K\u00fcnstler innovative Musiktheaterprojekte. Wir f\u00f6rdern ambitionierte B\u00fcrger und junge Talente in Tanz, Gesang und Darstellung, damit sie [&hellip;]\" \/>\n<meta property=\"og:url\" content=\"https:\/\/harmondo.eu\/fr\/unterstuetzen-2\/\" \/>\n<meta property=\"og:site_name\" content=\"harmondo\" \/>\n<meta property=\"article:modified_time\" content=\"2024-05-27T15:06:09+00:00\" \/>\n<meta name=\"twitter:card\" content=\"summary_large_image\" \/>\n<meta name=\"twitter:label1\" content=\"Dur\u00e9e de lecture estim\u00e9e\" \/>\n\t<meta name=\"twitter:data1\" content=\"1 minute\" \/>\n<script type=\"application\/ld+json\" class=\"yoast-schema-graph\">{\"@context\":\"https:\\\/\\\/schema.org\",\"@graph\":[{\"@type\":\"WebPage\",\"@id\":\"https:\\\/\\\/harmondo.eu\\\/unterstuetzen-2\\\/\",\"url\":\"https:\\\/\\\/harmondo.eu\\\/unterstuetzen-2\\\/\",\"name\":\"Unterst\u00fctzen - harmondo\",\"isPartOf\":{\"@id\":\"https:\\\/\\\/harmondo.eu\\\/fr\\\/#website\"},\"datePublished\":\"2024-05-27T15:05:26+00:00\",\"dateModified\":\"2024-05-27T15:06:09+00:00\",\"breadcrumb\":{\"@id\":\"https:\\\/\\\/harmondo.eu\\\/unterstuetzen-2\\\/#breadcrumb\"},\"inLanguage\":\"fr-FR\",\"potentialAction\":[{\"@type\":\"ReadAction\",\"target\":[\"https:\\\/\\\/harmondo.eu\\\/unterstuetzen-2\\\/\"]}]},{\"@type\":\"BreadcrumbList\",\"@id\":\"https:\\\/\\\/harmondo.eu\\\/unterstuetzen-2\\\/#breadcrumb\",\"itemListElement\":[{\"@type\":\"ListItem\",\"position\":1,\"name\":\"Startseite\",\"item\":\"https:\\\/\\\/harmondo.eu\\\/\"},{\"@type\":\"ListItem\",\"position\":2,\"name\":\"Unterst\u00fctzen\"}]},{\"@type\":\"WebSite\",\"@id\":\"https:\\\/\\\/harmondo.eu\\\/fr\\\/#website\",\"url\":\"https:\\\/\\\/harmondo.eu\\\/fr\\\/\",\"name\":\"harmondo\",\"description\":\"\",\"publisher\":{\"@id\":\"https:\\\/\\\/harmondo.eu\\\/fr\\\/#organization\"},\"potentialAction\":[{\"@type\":\"SearchAction\",\"target\":{\"@type\":\"EntryPoint\",\"urlTemplate\":\"https:\\\/\\\/harmondo.eu\\\/fr\\\/?s={search_term_string}\"},\"query-input\":{\"@type\":\"PropertyValueSpecification\",\"valueRequired\":true,\"valueName\":\"search_term_string\"}}],\"inLanguage\":\"fr-FR\"},{\"@type\":\"Organization\",\"@id\":\"https:\\\/\\\/harmondo.eu\\\/fr\\\/#organization\",\"name\":\"harmondo\",\"url\":\"https:\\\/\\\/harmondo.eu\\\/fr\\\/\",\"logo\":{\"@type\":\"ImageObject\",\"inLanguage\":\"fr-FR\",\"@id\":\"https:\\\/\\\/harmondo.eu\\\/fr\\\/#\\\/schema\\\/logo\\\/image\\\/\",\"url\":\"https:\\/\\/harmondo.eu\\/wp-content\\/uploads\\/2024\\/05\\/cropped-logo-lighter.webp\",\"contentUrl\":\"https:\\/\\/harmondo.eu\\/wp-content\\/uploads\\/2024\\/05\\/cropped-logo-lighter.webp\",\"width\":1920,\"height\":820,\"caption\":\"harmondo\"},\"image\":{\"@id\":\"https:\\\/\\\/harmondo.eu\\\/fr\\\/#\\\/schema\\\/logo\\\/image\\\/\"}}]}<\/script>\n<!-- \/ Yoast SEO plugin. -->","yoast_head_json":{"title":"Unterst\u00fctzen - harmondo","robots":{"index":"index","follow":"follow","max-snippet":"max-snippet:-1","max-image-preview":"max-image-preview:large","max-video-preview":"max-video-preview:-1"},"canonical":"https:\/\/harmondo.eu\/fr\/unterstuetzen-2\/","og_locale":"fr_FR","og_type":"article","og_title":"Unterst\u00fctzen - harmondo","og_description":"Gib hier deine \u00dcberschrift ein Wo Hochkultur bl\u00fcht, bl\u00fcht die Gesellschaft. Klassik inspiriert. Unser Ziel ist es, die B\u00fcrgerschaft f\u00fcr unser reiches kulturelles Erbe zu begeistern.\u00a0 Unter dem Dach von Harmondo kreieren internationale K\u00fcnstler innovative Musiktheaterprojekte. Wir f\u00f6rdern ambitionierte B\u00fcrger und junge Talente in Tanz, Gesang und Darstellung, damit sie [&hellip;]","og_url":"https:\/\/harmondo.eu\/fr\/unterstuetzen-2\/","og_site_name":"harmondo","article_modified_time":"2024-05-27T15:06:09+00:00","twitter_card":"summary_large_image","twitter_misc":{"Dur\u00e9e de lecture estim\u00e9e":"1 minute"},"schema":{"@context":"https:\/\/schema.org","@graph":[{"@type":"WebPage","@id":"https:\/\/harmondo.eu\/unterstuetzen-2\/","url":"https:\/\/harmondo.eu\/unterstuetzen-2\/","name":"Unterst\u00fctzen - harmondo","isPartOf":{"@id":"https:\/\/harmondo.eu\/fr\/#website"},"datePublished":"2024-05-27T15:05:26+00:00","dateModified":"2024-05-27T15:06:09+00:00","breadcrumb":{"@id":"https:\/\/harmondo.eu\/unterstuetzen-2\/#breadcrumb"},"inLanguage":"fr-FR","potentialAction":[{"@type":"ReadAction","target":["https:\/\/harmondo.eu\/unterstuetzen-2\/"]}]},{"@type":"BreadcrumbList","@id":"https:\/\/harmondo.eu\/unterstuetzen-2\/#breadcrumb","itemListElement":[{"@type":"ListItem","position":1,"name":"Startseite","item":"https:\/\/harmondo.eu\/"},{"@type":"ListItem","position":2,"name":"Unterst\u00fctzen"}]},{"@type":"WebSite","@id":"https:\/\/harmondo.eu\/fr\/#website","url":"https:\/\/harmondo.eu\/fr\/","name":"harmondo","description":"","publisher":{"@id":"https:\/\/harmondo.eu\/fr\/#organization"},"potentialAction":[{"@type":"SearchAction","target":{"@type":"EntryPoint","urlTemplate":"https:\/\/harmondo.eu\/fr\/?s={search_term_string}"},"query-input":{"@type":"PropertyValueSpecification","valueRequired":true,"valueName":"search_term_string"}}],"inLanguage":"fr-FR"},{"@type":"Organization","@id":"https:\/\/harmondo.eu\/fr\/#organization","name":"harmondo","url":"https:\/\/harmondo.eu\/fr\/","logo":{"@type":"ImageObject","inLanguage":"fr-FR","@id":"https:\/\/harmondo.eu\/fr\/#\/schema\/logo\/image\/","url":"https:\/\/mlhudiuew8wq.i.optimole.com\/w:auto\/h:auto\/q:mauto\/f:best\/https:\/\/harmondo.eu\/wp-content\/uploads\/2024\/05\/cropped-logo-lighter.webp","contentUrl":"https:\/\/mlhudiuew8wq.i.optimole.com\/w:auto\/h:auto\/q:mauto\/f:best\/https:\/\/harmondo.eu\/wp-content\/uploads\/2024\/05\/cropped-logo-lighter.webp","width":1920,"height":820,"caption":"harmondo"},"image":{"@id":"https:\/\/harmondo.eu\/fr\/#\/schema\/logo\/image\/"}}]}},"_links":{"self":[{"href":"https:\/\/harmondo.eu\/fr\/wp-json\/wp\/v2\/pages\/2470","targetHints":{"allow":["GET"]}}],"collection":[{"href":"https:\/\/harmondo.eu\/fr\/wp-json\/wp\/v2\/pages"}],"about":[{"href":"https:\/\/harmondo.eu\/fr\/wp-json\/wp\/v2\/types\/page"}],"author":[{"embeddable":true,"href":"https:\/\/harmondo.eu\/fr\/wp-json\/wp\/v2\/users\/1"}],"replies":[{"embeddable":true,"href":"https:\/\/harmondo.eu\/fr\/wp-json\/wp\/v2\/comments?post=2470"}],"version-history":[{"count":5,"href":"https:\/\/harmondo.eu\/fr\/wp-json\/wp\/v2\/pages\/2470\/revisions"}],"predecessor-version":[{"id":2475,"href":"https:\/\/harmondo.eu\/fr\/wp-json\/wp\/v2\/pages\/2470\/revisions\/2475"}],"wp:attachment":[{"href":"https:\/\/harmondo.eu\/fr\/wp-json\/wp\/v2\/media?parent=2470"}],"curies":[{"name":"wp","href":"https:\/\/api.w.org\/{rel}","templated":true}]}}